{"id":7,"date":"2018-03-15T17:16:12","date_gmt":"2018-03-15T16:16:12","guid":{"rendered":"http:\/\/gites-piedsdansleau.com\/?page_id=7"},"modified":"2023-03-08T09:19:58","modified_gmt":"2023-03-08T08:19:58","slug":"accueil","status":"publish","type":"page","link":"https:\/\/gites-piedsdansleau.com\/index.php\/fr\/accueil\/","title":{"rendered":"Accueil"},"content":{"rendered":"<p><img loading=\"lazy\" class=\"size-medium wp-image-290 alignright\" src=\"http:\/\/gites-piedsdansleau.com\/wp-content\/uploads\/2020\/01\/IMG_E7381-300x225.jpg\" alt=\"\" width=\"300\" height=\"225\" srcset=\"https:\/\/gites-piedsdansleau.com\/wp-content\/uploads\/2020\/01\/IMG_E7381-300x225.jpg 300w, https:\/\/gites-piedsdansleau.com\/wp-content\/uploads\/2020\/01\/IMG_E7381-768x576.jpg 768w, https:\/\/gites-piedsdansleau.com\/wp-content\/uploads\/2020\/01\/IMG_E7381-1024x768.jpg 1024w\" sizes=\"(max-width: 300px) 100vw, 300px\" \/>Bienvenue !<\/p>\n<p>Les g\u00eetes <em>Les pieds dans l\u2019eau<\/em> sont situ\u00e9s \u00e0 Mirabel et Blacons dans la Dr\u00f4me.<br \/>\nVenez passer un s\u00e9jour pr\u00e8s de la nature dans un espace confortable.<\/p>\n<p>Dans le cadre exceptionnel d\u2019un ancien moulinage du 19e si\u00e8cle long\u00e9 par 200 m\u00e8tres de rivi\u00e8re, nous vous accueillons dans le g\u00eete Gervanne de 65m2, le g\u00eete Vercors de 45m2 ou le g\u00eete de l&rsquo;Olivier de 87m2<\/p>\n<p>Class\u00e9s 3 \u00e9toiles, chacun de nos g\u00eetes b\u00e9neficie d&rsquo;une terrasse priv\u00e9e ind\u00e9pendante ainsi que d&rsquo;un jardin privatif pour le g\u00eete Gervanne.<br \/>\nVous pourrez \u00e9galement profiter du parc de 4500m2 et de sa plage priv\u00e9e le long de la rivi\u00e8re Gervanne o\u00f9 petits et plus grands pourront se baigner, partir en exploration ou rester au frais au plus chaud de l&rsquo;\u00e9t\u00e9, ainsi que d&rsquo;une piscine chauff\u00e9e de 50m2, ouverte du 15 mai au 15 septembre.<\/p>\n<p>\u00c9galement \u00e0 votre disposition la grande salle de jeux vous offrira un espace d\u00e9tente \u00e0 l&rsquo;ombre des voutes en pierres avec salon d&rsquo;\u00e9t\u00e9, billard, ping-pong&#8230;<\/p>\n<p>Possibilit\u00e9 de privatiser pour des \u00e9v\u00e9nements familiaux l&rsquo;ensemble des gites et la grande salle vout\u00e9e pour une capacit\u00e9 de couchage de 21 personnes.<\/p>\n<p>\u00c0 5 minutes \u00e0 pied des commerces et restaurants du village et \u00e0 10 minutes \u00e0 pied des plages de baignade de la Dr\u00f4me.<br \/>\nProche de toutes les commodit\u00e9s, poste, pharmacie, centre commercial.<\/p>\n","protected":false},"excerpt":{"rendered":"<p>Bienvenue ! Les g\u00eetes Les pieds dans l\u2019eau sont situ\u00e9s \u00e0 Mirabel et Blacons dans la Dr\u00f4me. Venez passer un s\u00e9jour pr\u00e8s de la nature dans un espace confortable. Dans le cadre exceptionnel d\u2019un ancien moulinage du 19e si\u00e8cle long\u00e9 par 200 m\u00e8tres de rivi\u00e8re, nous vous accueillons dans le g\u00eete Gervanne de 65m2, le &hellip; <\/p>\n<p class=\"link-more\"><a href=\"https:\/\/gites-piedsdansleau.com\/index.php\/fr\/accueil\/\" class=\"more-link\">Continuer la lecture<span class=\"screen-reader-text\"> de &laquo;&nbsp;Accueil&nbsp;&raquo;<\/span><\/a><\/p>\n","protected":false},"author":1,"featured_media":0,"parent":0,"menu_order":0,"comment_status":"closed","ping_status":"closed","template":"","meta":[],"_links":{"self":[{"href":"https:\/\/gites-piedsdansleau.com\/index.php\/wp-json\/wp\/v2\/pages\/7"}],"collection":[{"href":"https:\/\/gites-piedsdansleau.com\/index.php\/wp-json\/wp\/v2\/pages"}],"about":[{"href":"https:\/\/gites-piedsdansleau.com\/index.php\/wp-json\/wp\/v2\/types\/page"}],"author":[{"embeddable":true,"href":"https:\/\/gites-piedsdansleau.com\/index.php\/wp-json\/wp\/v2\/users\/1"}],"replies":[{"embeddable":true,"href":"https:\/\/gites-piedsdansleau.com\/index.php\/wp-json\/wp\/v2\/comments?post=7"}],"version-history":[{"count":23,"href":"https:\/\/gites-piedsdansleau.com\/index.php\/wp-json\/wp\/v2\/pages\/7\/revisions"}],"predecessor-version":[{"id":555,"href":"https:\/\/gites-piedsdansleau.com\/index.php\/wp-json\/wp\/v2\/pages\/7\/revisions\/555"}],"wp:attachment":[{"href":"https:\/\/gites-piedsdansleau.com\/index.php\/wp-json\/wp\/v2\/media?parent=7"}],"curies":[{"name":"wp","href":"https:\/\/api.w.org\/{rel}","templated":true}]}}