{"id":509,"date":"2022-06-29T17:26:50","date_gmt":"2022-06-29T15:26:50","guid":{"rendered":"http:\/\/gites-piedsdansleau.com\/?page_id=509"},"modified":"2023-03-08T09:18:58","modified_gmt":"2023-03-08T08:18:58","slug":"gite-de-lestancot","status":"publish","type":"page","link":"https:\/\/gites-piedsdansleau.com\/index.php\/fr\/gite-de-lestancot\/","title":{"rendered":"G\u00eete de l&rsquo;Estancot &#8211; 3\/4 personnes."},"content":{"rendered":"\n<p>D\u00e9couvrez ce g\u00eete class\u00e9 3 \u00e9toiles, id\u00e9al pour passer un moment en amoureux ou en famille.<\/p>\n\n\n\n<p>En face de la propri\u00e9t\u00e9, accol\u00e9 \u00e0 la maison de nos voisins, le g\u00eete de 55m2 et d\u2019une capacit\u00e9 de 3\/4 personnes, offre tout le confort n\u00e9cessaire.<\/p>\n\n\n\n<p>Depuis la terrasse , on peut profiter d\u2019une jolie vue sur le jardin et la vall\u00e9e de la Gervanne qui offrent un cadre reposant et verdoyant.<\/p>\n\n\n\n<p>Le g\u00eete est compos\u00e9 au rez de chauss\u00e9 d\u2019une chambre de 20m2 avec un lit double (160\u00d7190) et un lit simple (90&#215;200), entr\u00e9e et salle d&rsquo;eau, au premier \u00e9tage  une grande pi\u00e8ce de vie compos\u00e9e un salon avec canap\u00e9 lit (80\u00d7190) et d\u2019une grande cuisine ouverte enti\u00e8rement \u00e9quip\u00e9e de plein pied sur la terrasse de 60m2.<\/p>\n\n\n\n<p>La terrasse est \u00e9quip\u00e9e de chaises longues ainsi que d&rsquo;une plancha, elle est mitoyenne de celle de nos voisins mais nous faisons en sorte que l\u2019intimit\u00e9 de chacun soit pr\u00e9serv\u00e9e.<\/p>\n\n\n\n<p><strong>Attention de avril \u00e0 octobre la capacit\u00e9 est limit\u00e9e \u00e0 3 personnes.<\/strong><\/p>\n\n\n\n\t\r\n    <style>\r\n    #slgf_527 .b-link-stroke .b-top-line{\r\n        background: rgba(10, 194, 210, 0.5);\r\n    }\r\n    #slgf_527 .b-link-stroke .b-bottom-line{\r\n        background: rgba(10, 194, 210, 0.5);\r\n    }\r\n\r\n    #slgf_527 .b-wrapper{\r\n        font-family:Arial; \/\/ real name pass here\r\n    }\r\n\t@media (min-width: 992px){\r\n\t\t#slgf_527 .col-md-6 {\r\n\t\t\twidth: 49.97% !important;\r\n\t\t}\r\n\t\t#slgf_527 .col-md-4 {\r\n\t\t\twidth: 33.30% !important;\r\n\t\t}\r\n\t\t#slgf_527 .col-md-3 {\r\n\t\t\twidth: 24.90% !important;\r\n\t\t}\r\n\t\t#slgf_527 .col-md-2 {\r\n\t\t\twidth: 16.60% !important;\r\n\t\t}\r\n\t}\r\n\t#slgf_527 .slgf_home_portfolio_caption{\r\n\t\tbackground:#FFFFFF;\r\n\t}\r\n\t#slgf_527 .slgf_home_portfolio_caption h3{\r\n\t\tcolor:#000000;\r\n\t}\r\n\t\t#slgf_527 .img-box-shadow{\r\n\t\tbox-shadow: 0 0 6px rgba(0,0,0,.7);\r\n\t}\r\n\t\t\r\n\t    <\/style>\r\n\r\n    \r\n    <div  class=\"gal-container\" id=\"slgf_527\">\r\n\t\t\t\t\t<!--get the post id-->\r\n\t\t\t\r\n\t\t\t\t<!--Gallery Title-->\r\n\t\t\t\t\t\t\t\t<div style=\"font-weight: bolder; padding-bottom:20px; border-bottom:2px solid #cccccc;margin-bottom: 20px\">\r\n\t\t\t\t\tgalerie estancot\t\t\t\t<\/div>\r\n\t\t\t\t\t\t\t\t\r\n\t\t\t\t<div class=\"gallery1\">\r\n\t\t\t\t\t\t\t\t\t\t\t<div class=\"col-md-6 col-sm-6 wl-gallery\" >\r\n\t\t\t\t\t\t\t<div class=\"img-box-shadow\">\r\n\t\t\t\t\t\t\t\t\r\n\t\t\t\t\t\t\t\t\t\t\t\t\t\t\t\t<a title=\"\" class=\"swipebox_527\"  href=\"http:\/\/gites-piedsdansleau.com\/wp-content\/uploads\/2022\/06\/288203937_10228393890817108_3140484012292614679_n.jpg\">\r\n\t\t\t\t\t\t\t\t\t<div class=\"b-link-stroke b-animate-go\">\r\n\t\t\t\t\t\t\t\t\t\t<img src=\"http:\/\/gites-piedsdansleau.com\/wp-content\/uploads\/2022\/06\/288203937_10228393890817108_3140484012292614679_n-500x500.jpg\" class=\"gall-img-responsive\" alt=\"288203937_10228393890817108_3140484012292614679_n\">\r\n\t\t\t\t\t\t\t\t\t<\/div>\r\n\t\t\t\t\t\t\t\t<\/a>\r\n\r\n\t\t\t\t\t\t\t\t<!--Gallery Label-->\r\n\t\t\t\t\t\t\t\t\t\t\t\t\t\t\t<\/div>\r\n\t\t\t\t\t\t<\/div>\r\n\t\t\t\t\t\t\t\t\t\t\t\t<div class=\"col-md-6 col-sm-6 wl-gallery\" >\r\n\t\t\t\t\t\t\t<div class=\"img-box-shadow\">\r\n\t\t\t\t\t\t\t\t\r\n\t\t\t\t\t\t\t\t\t\t\t\t\t\t\t\t<a title=\"\" class=\"swipebox_527\"  href=\"http:\/\/gites-piedsdansleau.com\/wp-content\/uploads\/2022\/06\/287978039_10228393886897010_1405223698128719916_n.jpg\">\r\n\t\t\t\t\t\t\t\t\t<div class=\"b-link-stroke b-animate-go\">\r\n\t\t\t\t\t\t\t\t\t\t<img src=\"http:\/\/gites-piedsdansleau.com\/wp-content\/uploads\/2022\/06\/287978039_10228393886897010_1405223698128719916_n-500x500.jpg\" class=\"gall-img-responsive\" alt=\"287978039_10228393886897010_1405223698128719916_n\">\r\n\t\t\t\t\t\t\t\t\t<\/div>\r\n\t\t\t\t\t\t\t\t<\/a>\r\n\r\n\t\t\t\t\t\t\t\t<!--Gallery Label-->\r\n\t\t\t\t\t\t\t\t\t\t\t\t\t\t\t<\/div>\r\n\t\t\t\t\t\t<\/div>\r\n\t\t\t\t\t\t\t\t\t\t\t\t<div class=\"col-md-6 col-sm-6 wl-gallery\" >\r\n\t\t\t\t\t\t\t<div class=\"img-box-shadow\">\r\n\t\t\t\t\t\t\t\t\r\n\t\t\t\t\t\t\t\t\t\t\t\t\t\t\t\t<a title=\"\" class=\"swipebox_527\"  href=\"http:\/\/gites-piedsdansleau.com\/wp-content\/uploads\/2022\/06\/288052029_10228393890137091_1917870109577096549_n.jpg\">\r\n\t\t\t\t\t\t\t\t\t<div class=\"b-link-stroke b-animate-go\">\r\n\t\t\t\t\t\t\t\t\t\t<img src=\"http:\/\/gites-piedsdansleau.com\/wp-content\/uploads\/2022\/06\/288052029_10228393890137091_1917870109577096549_n-500x500.jpg\" class=\"gall-img-responsive\" alt=\"288052029_10228393890137091_1917870109577096549_n\">\r\n\t\t\t\t\t\t\t\t\t<\/div>\r\n\t\t\t\t\t\t\t\t<\/a>\r\n\r\n\t\t\t\t\t\t\t\t<!--Gallery Label-->\r\n\t\t\t\t\t\t\t\t\t\t\t\t\t\t\t<\/div>\r\n\t\t\t\t\t\t<\/div>\r\n\t\t\t\t\t\t\t\t\t\t\t\t<div class=\"col-md-6 col-sm-6 wl-gallery\" >\r\n\t\t\t\t\t\t\t<div class=\"img-box-shadow\">\r\n\t\t\t\t\t\t\t\t\r\n\t\t\t\t\t\t\t\t\t\t\t\t\t\t\t\t<a title=\"\" class=\"swipebox_527\"  href=\"http:\/\/gites-piedsdansleau.com\/wp-content\/uploads\/2022\/06\/287812797_10228393887817033_7431793027822900382_n.jpg\">\r\n\t\t\t\t\t\t\t\t\t<div class=\"b-link-stroke b-animate-go\">\r\n\t\t\t\t\t\t\t\t\t\t<img src=\"http:\/\/gites-piedsdansleau.com\/wp-content\/uploads\/2022\/06\/287812797_10228393887817033_7431793027822900382_n-500x500.jpg\" class=\"gall-img-responsive\" alt=\"287812797_10228393887817033_7431793027822900382_n\">\r\n\t\t\t\t\t\t\t\t\t<\/div>\r\n\t\t\t\t\t\t\t\t<\/a>\r\n\r\n\t\t\t\t\t\t\t\t<!--Gallery Label-->\r\n\t\t\t\t\t\t\t\t\t\t\t\t\t\t\t<\/div>\r\n\t\t\t\t\t\t<\/div>\r\n\t\t\t\t\t\t\t\t\t\t\t\t<div class=\"col-md-6 col-sm-6 wl-gallery\" >\r\n\t\t\t\t\t\t\t<div class=\"img-box-shadow\">\r\n\t\t\t\t\t\t\t\t\r\n\t\t\t\t\t\t\t\t\t\t\t\t\t\t\t\t<a title=\"\" class=\"swipebox_527\"  href=\"http:\/\/gites-piedsdansleau.com\/wp-content\/uploads\/2022\/06\/287737761_10228393888737056_5480387817565125453_n.jpg\">\r\n\t\t\t\t\t\t\t\t\t<div class=\"b-link-stroke b-animate-go\">\r\n\t\t\t\t\t\t\t\t\t\t<img src=\"http:\/\/gites-piedsdansleau.com\/wp-content\/uploads\/2022\/06\/287737761_10228393888737056_5480387817565125453_n-500x500.jpg\" class=\"gall-img-responsive\" alt=\"287737761_10228393888737056_5480387817565125453_n\">\r\n\t\t\t\t\t\t\t\t\t<\/div>\r\n\t\t\t\t\t\t\t\t<\/a>\r\n\r\n\t\t\t\t\t\t\t\t<!--Gallery Label-->\r\n\t\t\t\t\t\t\t\t\t\t\t\t\t\t\t<\/div>\r\n\t\t\t\t\t\t<\/div>\r\n\t\t\t\t\t\t\t\t\t\t\t\t<div class=\"col-md-6 col-sm-6 wl-gallery\" >\r\n\t\t\t\t\t\t\t<div class=\"img-box-shadow\">\r\n\t\t\t\t\t\t\t\t\r\n\t\t\t\t\t\t\t\t\t\t\t\t\t\t\t\t<a title=\"\" class=\"swipebox_527\"  href=\"http:\/\/gites-piedsdansleau.com\/wp-content\/uploads\/2022\/06\/288290465_10228393890497100_7369769482006998043_n.jpg\">\r\n\t\t\t\t\t\t\t\t\t<div class=\"b-link-stroke b-animate-go\">\r\n\t\t\t\t\t\t\t\t\t\t<img src=\"http:\/\/gites-piedsdansleau.com\/wp-content\/uploads\/2022\/06\/288290465_10228393890497100_7369769482006998043_n-500x500.jpg\" class=\"gall-img-responsive\" alt=\"288290465_10228393890497100_7369769482006998043_n\">\r\n\t\t\t\t\t\t\t\t\t<\/div>\r\n\t\t\t\t\t\t\t\t<\/a>\r\n\r\n\t\t\t\t\t\t\t\t<!--Gallery Label-->\r\n\t\t\t\t\t\t\t\t\t\t\t\t\t\t\t<\/div>\r\n\t\t\t\t\t\t<\/div>\r\n\t\t\t\t\t\t\t\t\t\t\t\t<div class=\"col-md-6 col-sm-6 wl-gallery\" >\r\n\t\t\t\t\t\t\t<div class=\"img-box-shadow\">\r\n\t\t\t\t\t\t\t\t\r\n\t\t\t\t\t\t\t\t\t\t\t\t\t\t\t\t<a title=\"\" class=\"swipebox_527\"  href=\"http:\/\/gites-piedsdansleau.com\/wp-content\/uploads\/2022\/06\/288020291_10228393889457074_2603347898911467551_n.jpg\">\r\n\t\t\t\t\t\t\t\t\t<div class=\"b-link-stroke b-animate-go\">\r\n\t\t\t\t\t\t\t\t\t\t<img src=\"http:\/\/gites-piedsdansleau.com\/wp-content\/uploads\/2022\/06\/288020291_10228393889457074_2603347898911467551_n-500x500.jpg\" class=\"gall-img-responsive\" alt=\"288020291_10228393889457074_2603347898911467551_n\">\r\n\t\t\t\t\t\t\t\t\t<\/div>\r\n\t\t\t\t\t\t\t\t<\/a>\r\n\r\n\t\t\t\t\t\t\t\t<!--Gallery Label-->\r\n\t\t\t\t\t\t\t\t\t\t\t\t\t\t\t<\/div>\r\n\t\t\t\t\t\t<\/div>\r\n\t\t\t\t\t\t\t\t\t\t\t\t<div class=\"col-md-6 col-sm-6 wl-gallery\" >\r\n\t\t\t\t\t\t\t<div class=\"img-box-shadow\">\r\n\t\t\t\t\t\t\t\t\r\n\t\t\t\t\t\t\t\t\t\t\t\t\t\t\t\t<a title=\"\" class=\"swipebox_527\"  href=\"http:\/\/gites-piedsdansleau.com\/wp-content\/uploads\/2022\/06\/288161496_10228393891217118_8956415647510360429_n.jpg\">\r\n\t\t\t\t\t\t\t\t\t<div class=\"b-link-stroke b-animate-go\">\r\n\t\t\t\t\t\t\t\t\t\t<img src=\"http:\/\/gites-piedsdansleau.com\/wp-content\/uploads\/2022\/06\/288161496_10228393891217118_8956415647510360429_n-500x500.jpg\" class=\"gall-img-responsive\" alt=\"288161496_10228393891217118_8956415647510360429_n\">\r\n\t\t\t\t\t\t\t\t\t<\/div>\r\n\t\t\t\t\t\t\t\t<\/a>\r\n\r\n\t\t\t\t\t\t\t\t<!--Gallery Label-->\r\n\t\t\t\t\t\t\t\t\t\t\t\t\t\t\t<\/div>\r\n\t\t\t\t\t\t<\/div>\r\n\t\t\t\t\t\t\t\t\t\t\t\t<div class=\"col-md-6 col-sm-6 wl-gallery\" >\r\n\t\t\t\t\t\t\t<div class=\"img-box-shadow\">\r\n\t\t\t\t\t\t\t\t\r\n\t\t\t\t\t\t\t\t\t\t\t\t\t\t\t\t<a title=\"\" class=\"swipebox_527\"  href=\"http:\/\/gites-piedsdansleau.com\/wp-content\/uploads\/2022\/06\/287579267_10228393888537051_225584407467317099_n.jpg\">\r\n\t\t\t\t\t\t\t\t\t<div class=\"b-link-stroke b-animate-go\">\r\n\t\t\t\t\t\t\t\t\t\t<img src=\"http:\/\/gites-piedsdansleau.com\/wp-content\/uploads\/2022\/06\/287579267_10228393888537051_225584407467317099_n-500x500.jpg\" class=\"gall-img-responsive\" alt=\"287579267_10228393888537051_225584407467317099_n\">\r\n\t\t\t\t\t\t\t\t\t<\/div>\r\n\t\t\t\t\t\t\t\t<\/a>\r\n\r\n\t\t\t\t\t\t\t\t<!--Gallery Label-->\r\n\t\t\t\t\t\t\t\t\t\t\t\t\t\t\t<\/div>\r\n\t\t\t\t\t\t<\/div>\r\n\t\t\t\t\t\t\t\t\t\t\t\t<div class=\"col-md-6 col-sm-6 wl-gallery\" >\r\n\t\t\t\t\t\t\t<div class=\"img-box-shadow\">\r\n\t\t\t\t\t\t\t\t\r\n\t\t\t\t\t\t\t\t\t\t\t\t\t\t\t\t<a title=\"\" class=\"swipebox_527\"  href=\"http:\/\/gites-piedsdansleau.com\/wp-content\/uploads\/2022\/06\/287899928_10228393889257069_4123267972793387915_n.jpg\">\r\n\t\t\t\t\t\t\t\t\t<div class=\"b-link-stroke b-animate-go\">\r\n\t\t\t\t\t\t\t\t\t\t<img src=\"http:\/\/gites-piedsdansleau.com\/wp-content\/uploads\/2022\/06\/287899928_10228393889257069_4123267972793387915_n-500x500.jpg\" class=\"gall-img-responsive\" alt=\"287899928_10228393889257069_4123267972793387915_n\">\r\n\t\t\t\t\t\t\t\t\t<\/div>\r\n\t\t\t\t\t\t\t\t<\/a>\r\n\r\n\t\t\t\t\t\t\t\t<!--Gallery Label-->\r\n\t\t\t\t\t\t\t\t\t\t\t\t\t\t\t<\/div>\r\n\t\t\t\t\t\t<\/div>\r\n\t\t\t\t\t\t\t\t\t\t\t\t<div class=\"col-md-6 col-sm-6 wl-gallery\" >\r\n\t\t\t\t\t\t\t<div class=\"img-box-shadow\">\r\n\t\t\t\t\t\t\t\t\r\n\t\t\t\t\t\t\t\t\t\t\t\t\t\t\t\t<a title=\"\" class=\"swipebox_527\"  href=\"http:\/\/gites-piedsdansleau.com\/wp-content\/uploads\/2022\/06\/287538932_10228393891897135_8241211306123351584_n.jpg\">\r\n\t\t\t\t\t\t\t\t\t<div class=\"b-link-stroke b-animate-go\">\r\n\t\t\t\t\t\t\t\t\t\t<img src=\"http:\/\/gites-piedsdansleau.com\/wp-content\/uploads\/2022\/06\/287538932_10228393891897135_8241211306123351584_n-500x500.jpg\" class=\"gall-img-responsive\" alt=\"287538932_10228393891897135_8241211306123351584_n\">\r\n\t\t\t\t\t\t\t\t\t<\/div>\r\n\t\t\t\t\t\t\t\t<\/a>\r\n\r\n\t\t\t\t\t\t\t\t<!--Gallery Label-->\r\n\t\t\t\t\t\t\t\t\t\t\t\t\t\t\t<\/div>\r\n\t\t\t\t\t\t<\/div>\r\n\t\t\t\t\t\t\t\t\t\t\t\t<div class=\"col-md-6 col-sm-6 wl-gallery\" >\r\n\t\t\t\t\t\t\t<div class=\"img-box-shadow\">\r\n\t\t\t\t\t\t\t\t\r\n\t\t\t\t\t\t\t\t\t\t\t\t\t\t\t\t<a title=\"\" class=\"swipebox_527\"  href=\"http:\/\/gites-piedsdansleau.com\/wp-content\/uploads\/2022\/06\/287881277_10228393891457124_3443946204532005223_n.jpg\">\r\n\t\t\t\t\t\t\t\t\t<div class=\"b-link-stroke b-animate-go\">\r\n\t\t\t\t\t\t\t\t\t\t<img src=\"http:\/\/gites-piedsdansleau.com\/wp-content\/uploads\/2022\/06\/287881277_10228393891457124_3443946204532005223_n-500x500.jpg\" class=\"gall-img-responsive\" alt=\"287881277_10228393891457124_3443946204532005223_n\">\r\n\t\t\t\t\t\t\t\t\t<\/div>\r\n\t\t\t\t\t\t\t\t<\/a>\r\n\r\n\t\t\t\t\t\t\t\t<!--Gallery Label-->\r\n\t\t\t\t\t\t\t\t\t\t\t\t\t\t\t<\/div>\r\n\t\t\t\t\t\t<\/div>\r\n\t\t\t\t\t\t\t\t\t\t\t\t<div class=\"col-md-6 col-sm-6 wl-gallery\" >\r\n\t\t\t\t\t\t\t<div class=\"img-box-shadow\">\r\n\t\t\t\t\t\t\t\t\r\n\t\t\t\t\t\t\t\t\t\t\t\t\t\t\t\t<a title=\"\" class=\"swipebox_527\"  href=\"http:\/\/gites-piedsdansleau.com\/wp-content\/uploads\/2022\/06\/287745902_10228393889977087_6185746272753762299_n.jpg\">\r\n\t\t\t\t\t\t\t\t\t<div class=\"b-link-stroke b-animate-go\">\r\n\t\t\t\t\t\t\t\t\t\t<img src=\"http:\/\/gites-piedsdansleau.com\/wp-content\/uploads\/2022\/06\/287745902_10228393889977087_6185746272753762299_n-500x500.jpg\" class=\"gall-img-responsive\" alt=\"287745902_10228393889977087_6185746272753762299_n\">\r\n\t\t\t\t\t\t\t\t\t<\/div>\r\n\t\t\t\t\t\t\t\t<\/a>\r\n\r\n\t\t\t\t\t\t\t\t<!--Gallery Label-->\r\n\t\t\t\t\t\t\t\t\t\t\t\t\t\t\t<\/div>\r\n\t\t\t\t\t\t<\/div>\r\n\t\t\t\t\t\t\t\t\t\t\t\t<div class=\"col-md-6 col-sm-6 wl-gallery\" >\r\n\t\t\t\t\t\t\t<div class=\"img-box-shadow\">\r\n\t\t\t\t\t\t\t\t\r\n\t\t\t\t\t\t\t\t\t\t\t\t\t\t\t\t<a title=\"\" class=\"swipebox_527\"  href=\"http:\/\/gites-piedsdansleau.com\/wp-content\/uploads\/2022\/06\/287716107_10228393887057014_6637614140779760713_n.jpg\">\r\n\t\t\t\t\t\t\t\t\t<div class=\"b-link-stroke b-animate-go\">\r\n\t\t\t\t\t\t\t\t\t\t<img src=\"http:\/\/gites-piedsdansleau.com\/wp-content\/uploads\/2022\/06\/287716107_10228393887057014_6637614140779760713_n-500x500.jpg\" class=\"gall-img-responsive\" alt=\"287716107_10228393887057014_6637614140779760713_n\">\r\n\t\t\t\t\t\t\t\t\t<\/div>\r\n\t\t\t\t\t\t\t\t<\/a>\r\n\r\n\t\t\t\t\t\t\t\t<!--Gallery Label-->\r\n\t\t\t\t\t\t\t\t\t\t\t\t\t\t\t<\/div>\r\n\t\t\t\t\t\t<\/div>\r\n\t\t\t\t\t\t\t\t\t\t<\/div>\r\n\t\t    <\/div>\r\n\r\n\t<!-- Swipe Box-->\r\n\t<script type=\"text\/javascript\">\r\n\tjQuery(document).ready(function(){\r\n\t\t;( function( jQuery ) {\r\n\t\t\tjQuery( '.swipebox_527' ).swipebox({\r\n\t\t\t\t\t\t\thideBarsDelay:0,\r\n\t\t\t\t\t\t\thideBarsOnMobile: false,\r\n\t\t\t\t\t\t\thideCloseButtonOnMobile : false, \/\/ true will hide the close button on mobile devices\r\n\t\t\t\t\t\t\tloopAtEnd: true, \/\/ true will return to the first image after the last image is reached\r\n\t\t\t\t\t\t\t\r\n\t\t\t\t\t\t});\r\n\t\t})( jQuery );\r\n\t\r\n\r\n\tjQuery('.gallery1').imagesLoaded( function(){\r\n\t  jQuery('.gallery1').masonry({\r\n\t   itemSelector: '.wl-gallery',\r\n\t   isAnimated: true,\r\n\t   isFitWidth: true\r\n\t  });\r\n\t});\r\n\t});\r\n\t<\/script>\r\n\t\r\n        \n","protected":false},"excerpt":{"rendered":"<p>D\u00e9couvrez ce g\u00eete class\u00e9 3 \u00e9toiles, id\u00e9al pour passer un moment en amoureux ou en famille. En face de la propri\u00e9t\u00e9, accol\u00e9 \u00e0 la maison de nos voisins, le g\u00eete de 55m2 et d\u2019une capacit\u00e9 de 3\/4 personnes, offre tout le confort n\u00e9cessaire. Depuis la terrasse , on peut profiter d\u2019une jolie vue sur le &hellip; <\/p>\n<p class=\"link-more\"><a href=\"https:\/\/gites-piedsdansleau.com\/index.php\/2022\/06\/29\/galerie-estancot\/\" class=\"more-link\">Continuer la lecture<span class=\"screen-reader-text\"> de &laquo;&nbsp;galerie estancot&nbsp;&raquo;<\/span><\/a><\/p>\n","protected":false},"author":1,"featured_media":0,"parent":0,"menu_order":0,"comment_status":"closed","ping_status":"closed","template":"","meta":[],"_links":{"self":[{"href":"https:\/\/gites-piedsdansleau.com\/index.php\/wp-json\/wp\/v2\/pages\/509"}],"collection":[{"href":"https:\/\/gites-piedsdansleau.com\/index.php\/wp-json\/wp\/v2\/pages"}],"about":[{"href":"https:\/\/gites-piedsdansleau.com\/index.php\/wp-json\/wp\/v2\/types\/page"}],"author":[{"embeddable":true,"href":"https:\/\/gites-piedsdansleau.com\/index.php\/wp-json\/wp\/v2\/users\/1"}],"replies":[{"embeddable":true,"href":"https:\/\/gites-piedsdansleau.com\/index.php\/wp-json\/wp\/v2\/comments?post=509"}],"version-history":[{"count":5,"href":"https:\/\/gites-piedsdansleau.com\/index.php\/wp-json\/wp\/v2\/pages\/509\/revisions"}],"predecessor-version":[{"id":554,"href":"https:\/\/gites-piedsdansleau.com\/index.php\/wp-json\/wp\/v2\/pages\/509\/revisions\/554"}],"wp:attachment":[{"href":"https:\/\/gites-piedsdansleau.com\/index.php\/wp-json\/wp\/v2\/media?parent=509"}],"curies":[{"name":"wp","href":"https:\/\/api.w.org\/{rel}","templated":true}]}}