{"id":45,"date":"2018-03-15T17:16:12","date_gmt":"2018-03-15T16:16:12","guid":{"rendered":"http:\/\/gites-piedsdansleau.com\/?page_id=45"},"modified":"2024-03-21T14:07:42","modified_gmt":"2024-03-21T13:07:42","slug":"la-propriete","status":"publish","type":"page","link":"https:\/\/gites-piedsdansleau.com\/index.php\/fr\/la-propriete\/","title":{"rendered":"La propri\u00e9t\u00e9"},"content":{"rendered":"<p>Bienvenue !<\/p>\n<p>Les g\u00eetes <em>Les pieds dans l\u2019eau<\/em> sont situ\u00e9s \u00e0 Mirabel et Blacons dans la Dr\u00f4me.<br \/>\nVenez passer un s\u00e9jour pr\u00e8s de la nature dans un espace confortable.<\/p>\n<p>Dans le cadre exceptionnel d\u2019un ancien moulinage du 19e si\u00e8cle long\u00e9 par 200 m\u00e8tres de rivi\u00e8re, nous vous accueillons dans le g\u00eete Gervanne de 65m2, le g\u00eete Vercors de 45m2 ou le g\u00eete de l&rsquo;Olivier de 87m2<\/p>\n<p>Class\u00e9s 3 \u00e9toiles, chacun de nos g\u00eetes b\u00e9neficie d&rsquo;une terrasse priv\u00e9e ind\u00e9pendante ainsi que d&rsquo;un jardin privatif pour le g\u00eete Gervanne.<br \/>\nVous pourrez \u00e9galement profiter du parc de 4500m2 et de sa plage priv\u00e9e le long de la rivi\u00e8re Gervanne o\u00f9 petits et plus grands pourront se baigner, partir en exploration ou rester au frais au plus chaud de l&rsquo;\u00e9t\u00e9, ainsi que d&rsquo;une piscine chauff\u00e9e de 50m2, ouverte du 15 mai au 15 septembre.<\/p>\n<p>\u00c9galement \u00e0 votre disposition la grande salle de jeux vous offrira un espace d\u00e9tente \u00e0 l&rsquo;ombre des voutes en pierres avec salon d&rsquo;\u00e9t\u00e9, billard, ping-pong&#8230;<\/p>\n<p>Possibilit\u00e9 de privatiser pour des \u00e9v\u00e9nements familiaux l&rsquo;ensemble des gites et la grande salle vout\u00e9e pour une capacit\u00e9 de couchage de 21 personnes.<\/p>\n<p>\u00c0 5 minutes \u00e0 pied des commerces et restaurants du village et \u00e0 10 minutes \u00e0 pied des plages de baignade de la Dr\u00f4me.<br \/>\nProche de toutes les commodit\u00e9s, poste, pharmacie, centre commercial.<\/p>\n<p><!--more--><\/p>\n\t\r\n    <style>\r\n    #slgf_139 .b-link-stroke .b-top-line{\r\n        background: rgba(10, 194, 210, 0.5);\r\n    }\r\n    #slgf_139 .b-link-stroke .b-bottom-line{\r\n        background: rgba(10, 194, 210, 0.5);\r\n    }\r\n\r\n    #slgf_139 .b-wrapper{\r\n        font-family:Arial; \/\/ real name pass here\r\n    }\r\n\t@media (min-width: 992px){\r\n\t\t#slgf_139 .col-md-6 {\r\n\t\t\twidth: 49.97% !important;\r\n\t\t}\r\n\t\t#slgf_139 .col-md-4 {\r\n\t\t\twidth: 33.30% !important;\r\n\t\t}\r\n\t\t#slgf_139 .col-md-3 {\r\n\t\t\twidth: 24.90% !important;\r\n\t\t}\r\n\t\t#slgf_139 .col-md-2 {\r\n\t\t\twidth: 16.60% !important;\r\n\t\t}\r\n\t}\r\n\t#slgf_139 .slgf_home_portfolio_caption{\r\n\t\tbackground:#FFFFFF;\r\n\t}\r\n\t#slgf_139 .slgf_home_portfolio_caption h3{\r\n\t\tcolor:#000000;\r\n\t}\r\n\t\t#slgf_139 .img-box-shadow{\r\n\t\tbox-shadow: 0 0 6px rgba(0,0,0,.7);\r\n\t}\r\n\t\t\r\n\t    <\/style>\r\n\r\n    \r\n    <div  class=\"gal-container\" id=\"slgf_139\">\r\n\t\t\t\t\t<!--get the post id-->\r\n\t\t\t\r\n\t\t\t\t<!--Gallery Title-->\r\n\t\t\t\t\t\t\t\t\r\n\t\t\t\t<div class=\"gallery1\">\r\n\t\t\t\t\t\t\t\t\t\t\t<div class=\"col-md-6 col-sm-6 wl-gallery\" >\r\n\t\t\t\t\t\t\t<div class=\"img-box-shadow\">\r\n\t\t\t\t\t\t\t\t\r\n\t\t\t\t\t\t\t\t\t\t\t\t\t\t\t\t<a title=\"\" class=\"swipebox_139\"  href=\"http:\/\/gites-piedsdansleau.com\/wp-content\/uploads\/2018\/06\/Plage-large.jpg\">\r\n\t\t\t\t\t\t\t\t\t<div class=\"b-link-stroke b-animate-go\">\r\n\t\t\t\t\t\t\t\t\t\t<img src=\"http:\/\/gites-piedsdansleau.com\/wp-content\/uploads\/2018\/06\/Plage-large-500x500.jpg\" class=\"gall-img-responsive\" alt=\"OLYMPUS DIGITAL CAMERA\">\r\n\t\t\t\t\t\t\t\t\t<\/div>\r\n\t\t\t\t\t\t\t\t<\/a>\r\n\r\n\t\t\t\t\t\t\t\t<!--Gallery Label-->\r\n\t\t\t\t\t\t\t\t\t\t\t\t\t\t\t<\/div>\r\n\t\t\t\t\t\t<\/div>\r\n\t\t\t\t\t\t\t\t\t\t\t\t<div class=\"col-md-6 col-sm-6 wl-gallery\" >\r\n\t\t\t\t\t\t\t<div class=\"img-box-shadow\">\r\n\t\t\t\t\t\t\t\t\r\n\t\t\t\t\t\t\t\t\t\t\t\t\t\t\t\t<a title=\"\" class=\"swipebox_139\"  href=\"http:\/\/gites-piedsdansleau.com\/wp-content\/uploads\/2020\/06\/IMG_8769.jpeg\">\r\n\t\t\t\t\t\t\t\t\t<div class=\"b-link-stroke b-animate-go\">\r\n\t\t\t\t\t\t\t\t\t\t<img src=\"http:\/\/gites-piedsdansleau.com\/wp-content\/uploads\/2020\/06\/IMG_8769-500x500.jpeg\" class=\"gall-img-responsive\" alt=\"IMG_8769\">\r\n\t\t\t\t\t\t\t\t\t<\/div>\r\n\t\t\t\t\t\t\t\t<\/a>\r\n\r\n\t\t\t\t\t\t\t\t<!--Gallery Label-->\r\n\t\t\t\t\t\t\t\t\t\t\t\t\t\t\t<\/div>\r\n\t\t\t\t\t\t<\/div>\r\n\t\t\t\t\t\t\t\t\t\t\t\t<div class=\"col-md-6 col-sm-6 wl-gallery\" >\r\n\t\t\t\t\t\t\t<div class=\"img-box-shadow\">\r\n\t\t\t\t\t\t\t\t\r\n\t\t\t\t\t\t\t\t\t\t\t\t\t\t\t\t<a title=\"\" class=\"swipebox_139\"  href=\"http:\/\/gites-piedsdansleau.com\/wp-content\/uploads\/2018\/05\/IMG_8909-scaled.jpg\">\r\n\t\t\t\t\t\t\t\t\t<div class=\"b-link-stroke b-animate-go\">\r\n\t\t\t\t\t\t\t\t\t\t<img src=\"http:\/\/gites-piedsdansleau.com\/wp-content\/uploads\/2018\/05\/IMG_8909-500x500.jpg\" class=\"gall-img-responsive\" alt=\"IMG_8769\">\r\n\t\t\t\t\t\t\t\t\t<\/div>\r\n\t\t\t\t\t\t\t\t<\/a>\r\n\r\n\t\t\t\t\t\t\t\t<!--Gallery Label-->\r\n\t\t\t\t\t\t\t\t\t\t\t\t\t\t\t<\/div>\r\n\t\t\t\t\t\t<\/div>\r\n\t\t\t\t\t\t\t\t\t\t\t\t<div class=\"col-md-6 col-sm-6 wl-gallery\" >\r\n\t\t\t\t\t\t\t<div class=\"img-box-shadow\">\r\n\t\t\t\t\t\t\t\t\r\n\t\t\t\t\t\t\t\t\t\t\t\t\t\t\t\t<a title=\"\" class=\"swipebox_139\"  href=\"http:\/\/gites-piedsdansleau.com\/wp-content\/uploads\/2020\/01\/IMG_E7417.jpg\">\r\n\t\t\t\t\t\t\t\t\t<div class=\"b-link-stroke b-animate-go\">\r\n\t\t\t\t\t\t\t\t\t\t<img src=\"http:\/\/gites-piedsdansleau.com\/wp-content\/uploads\/2020\/01\/IMG_E7417-500x500.jpg\" class=\"gall-img-responsive\" alt=\"IMG_E7417\">\r\n\t\t\t\t\t\t\t\t\t<\/div>\r\n\t\t\t\t\t\t\t\t<\/a>\r\n\r\n\t\t\t\t\t\t\t\t<!--Gallery Label-->\r\n\t\t\t\t\t\t\t\t\t\t\t\t\t\t\t<\/div>\r\n\t\t\t\t\t\t<\/div>\r\n\t\t\t\t\t\t\t\t\t\t\t\t<div class=\"col-md-6 col-sm-6 wl-gallery\" >\r\n\t\t\t\t\t\t\t<div class=\"img-box-shadow\">\r\n\t\t\t\t\t\t\t\t\r\n\t\t\t\t\t\t\t\t\t\t\t\t\t\t\t\t<a title=\"\" class=\"swipebox_139\"  href=\"http:\/\/gites-piedsdansleau.com\/wp-content\/uploads\/2018\/05\/hamac.jpg\">\r\n\t\t\t\t\t\t\t\t\t<div class=\"b-link-stroke b-animate-go\">\r\n\t\t\t\t\t\t\t\t\t\t<img src=\"http:\/\/gites-piedsdansleau.com\/wp-content\/uploads\/2018\/05\/hamac-500x500.jpg\" class=\"gall-img-responsive\" alt=\"hamac\">\r\n\t\t\t\t\t\t\t\t\t<\/div>\r\n\t\t\t\t\t\t\t\t<\/a>\r\n\r\n\t\t\t\t\t\t\t\t<!--Gallery Label-->\r\n\t\t\t\t\t\t\t\t\t\t\t\t\t\t\t<\/div>\r\n\t\t\t\t\t\t<\/div>\r\n\t\t\t\t\t\t\t\t\t\t\t\t<div class=\"col-md-6 col-sm-6 wl-gallery\" >\r\n\t\t\t\t\t\t\t<div class=\"img-box-shadow\">\r\n\t\t\t\t\t\t\t\t\r\n\t\t\t\t\t\t\t\t\t\t\t\t\t\t\t\t<a title=\"\" class=\"swipebox_139\"  href=\"http:\/\/gites-piedsdansleau.com\/wp-content\/uploads\/2018\/05\/lever-soleil.jpg\">\r\n\t\t\t\t\t\t\t\t\t<div class=\"b-link-stroke b-animate-go\">\r\n\t\t\t\t\t\t\t\t\t\t<img src=\"http:\/\/gites-piedsdansleau.com\/wp-content\/uploads\/2018\/05\/lever-soleil-500x500.jpg\" class=\"gall-img-responsive\" alt=\"lever soleil\">\r\n\t\t\t\t\t\t\t\t\t<\/div>\r\n\t\t\t\t\t\t\t\t<\/a>\r\n\r\n\t\t\t\t\t\t\t\t<!--Gallery Label-->\r\n\t\t\t\t\t\t\t\t\t\t\t\t\t\t\t<\/div>\r\n\t\t\t\t\t\t<\/div>\r\n\t\t\t\t\t\t\t\t\t\t\t\t<div class=\"col-md-6 col-sm-6 wl-gallery\" >\r\n\t\t\t\t\t\t\t<div class=\"img-box-shadow\">\r\n\t\t\t\t\t\t\t\t\r\n\t\t\t\t\t\t\t\t\t\t\t\t\t\t\t\t<a title=\"\" class=\"swipebox_139\"  href=\"http:\/\/gites-piedsdansleau.com\/wp-content\/uploads\/2018\/05\/estancot-rosier.jpg\">\r\n\t\t\t\t\t\t\t\t\t<div class=\"b-link-stroke b-animate-go\">\r\n\t\t\t\t\t\t\t\t\t\t<img src=\"http:\/\/gites-piedsdansleau.com\/wp-content\/uploads\/2018\/05\/estancot-rosier-500x500.jpg\" class=\"gall-img-responsive\" alt=\"estancot rosier\">\r\n\t\t\t\t\t\t\t\t\t<\/div>\r\n\t\t\t\t\t\t\t\t<\/a>\r\n\r\n\t\t\t\t\t\t\t\t<!--Gallery Label-->\r\n\t\t\t\t\t\t\t\t\t\t\t\t\t\t\t<\/div>\r\n\t\t\t\t\t\t<\/div>\r\n\t\t\t\t\t\t\t\t\t\t\t\t<div class=\"col-md-6 col-sm-6 wl-gallery\" >\r\n\t\t\t\t\t\t\t<div class=\"img-box-shadow\">\r\n\t\t\t\t\t\t\t\t\r\n\t\t\t\t\t\t\t\t\t\t\t\t\t\t\t\t<a title=\"\" class=\"swipebox_139\"  href=\"http:\/\/gites-piedsdansleau.com\/wp-content\/uploads\/2020\/06\/IMG_8780.jpeg\">\r\n\t\t\t\t\t\t\t\t\t<div class=\"b-link-stroke b-animate-go\">\r\n\t\t\t\t\t\t\t\t\t\t<img src=\"http:\/\/gites-piedsdansleau.com\/wp-content\/uploads\/2020\/06\/IMG_8780-500x500.jpeg\" class=\"gall-img-responsive\" alt=\"IMG_8780\">\r\n\t\t\t\t\t\t\t\t\t<\/div>\r\n\t\t\t\t\t\t\t\t<\/a>\r\n\r\n\t\t\t\t\t\t\t\t<!--Gallery Label-->\r\n\t\t\t\t\t\t\t\t\t\t\t\t\t\t\t<\/div>\r\n\t\t\t\t\t\t<\/div>\r\n\t\t\t\t\t\t\t\t\t\t\t\t<div class=\"col-md-6 col-sm-6 wl-gallery\" >\r\n\t\t\t\t\t\t\t<div class=\"img-box-shadow\">\r\n\t\t\t\t\t\t\t\t\r\n\t\t\t\t\t\t\t\t\t\t\t\t\t\t\t\t<a title=\"\" class=\"swipebox_139\"  href=\"http:\/\/gites-piedsdansleau.com\/wp-content\/uploads\/2020\/06\/IMG_8771.jpeg\">\r\n\t\t\t\t\t\t\t\t\t<div class=\"b-link-stroke b-animate-go\">\r\n\t\t\t\t\t\t\t\t\t\t<img src=\"http:\/\/gites-piedsdansleau.com\/wp-content\/uploads\/2020\/06\/IMG_8771-500x500.jpeg\" class=\"gall-img-responsive\" alt=\"IMG_8771\">\r\n\t\t\t\t\t\t\t\t\t<\/div>\r\n\t\t\t\t\t\t\t\t<\/a>\r\n\r\n\t\t\t\t\t\t\t\t<!--Gallery Label-->\r\n\t\t\t\t\t\t\t\t\t\t\t\t\t\t\t<\/div>\r\n\t\t\t\t\t\t<\/div>\r\n\t\t\t\t\t\t\t\t\t\t\t\t<div class=\"col-md-6 col-sm-6 wl-gallery\" >\r\n\t\t\t\t\t\t\t<div class=\"img-box-shadow\">\r\n\t\t\t\t\t\t\t\t\r\n\t\t\t\t\t\t\t\t\t\t\t\t\t\t\t\t<a title=\"\" class=\"swipebox_139\"  href=\"http:\/\/gites-piedsdansleau.com\/wp-content\/uploads\/2020\/01\/IMG_7393.jpg\">\r\n\t\t\t\t\t\t\t\t\t<div class=\"b-link-stroke b-animate-go\">\r\n\t\t\t\t\t\t\t\t\t\t<img src=\"http:\/\/gites-piedsdansleau.com\/wp-content\/uploads\/2020\/01\/IMG_7393-500x500.jpg\" class=\"gall-img-responsive\" alt=\"IMG_7393\">\r\n\t\t\t\t\t\t\t\t\t<\/div>\r\n\t\t\t\t\t\t\t\t<\/a>\r\n\r\n\t\t\t\t\t\t\t\t<!--Gallery Label-->\r\n\t\t\t\t\t\t\t\t\t\t\t\t\t\t\t<\/div>\r\n\t\t\t\t\t\t<\/div>\r\n\t\t\t\t\t\t\t\t\t\t\t\t<div class=\"col-md-6 col-sm-6 wl-gallery\" >\r\n\t\t\t\t\t\t\t<div class=\"img-box-shadow\">\r\n\t\t\t\t\t\t\t\t\r\n\t\t\t\t\t\t\t\t\t\t\t\t\t\t\t\t<a title=\"\" class=\"swipebox_139\"  href=\"http:\/\/gites-piedsdansleau.com\/wp-content\/uploads\/2018\/06\/Plage-profil.jpg\">\r\n\t\t\t\t\t\t\t\t\t<div class=\"b-link-stroke b-animate-go\">\r\n\t\t\t\t\t\t\t\t\t\t<img src=\"http:\/\/gites-piedsdansleau.com\/wp-content\/uploads\/2018\/06\/Plage-profil-500x500.jpg\" class=\"gall-img-responsive\" alt=\"OLYMPUS DIGITAL CAMERA\">\r\n\t\t\t\t\t\t\t\t\t<\/div>\r\n\t\t\t\t\t\t\t\t<\/a>\r\n\r\n\t\t\t\t\t\t\t\t<!--Gallery Label-->\r\n\t\t\t\t\t\t\t\t\t\t\t\t\t\t\t<\/div>\r\n\t\t\t\t\t\t<\/div>\r\n\t\t\t\t\t\t\t\t\t\t\t\t<div class=\"col-md-6 col-sm-6 wl-gallery\" >\r\n\t\t\t\t\t\t\t<div class=\"img-box-shadow\">\r\n\t\t\t\t\t\t\t\t\r\n\t\t\t\t\t\t\t\t\t\t\t\t\t\t\t\t<a title=\"\" class=\"swipebox_139\"  href=\"http:\/\/gites-piedsdansleau.com\/wp-content\/uploads\/2018\/06\/Gervanne-bleue.jpg\">\r\n\t\t\t\t\t\t\t\t\t<div class=\"b-link-stroke b-animate-go\">\r\n\t\t\t\t\t\t\t\t\t\t<img src=\"http:\/\/gites-piedsdansleau.com\/wp-content\/uploads\/2018\/06\/Gervanne-bleue-500x500.jpg\" class=\"gall-img-responsive\" alt=\"OLYMPUS DIGITAL CAMERA\">\r\n\t\t\t\t\t\t\t\t\t<\/div>\r\n\t\t\t\t\t\t\t\t<\/a>\r\n\r\n\t\t\t\t\t\t\t\t<!--Gallery Label-->\r\n\t\t\t\t\t\t\t\t\t\t\t\t\t\t\t<\/div>\r\n\t\t\t\t\t\t<\/div>\r\n\t\t\t\t\t\t\t\t\t\t\t\t<div class=\"col-md-6 col-sm-6 wl-gallery\" >\r\n\t\t\t\t\t\t\t<div class=\"img-box-shadow\">\r\n\t\t\t\t\t\t\t\t\r\n\t\t\t\t\t\t\t\t\t\t\t\t\t\t\t\t<a title=\"\" class=\"swipebox_139\"  href=\"http:\/\/gites-piedsdansleau.com\/wp-content\/uploads\/2020\/01\/IMG_E7381.jpg\">\r\n\t\t\t\t\t\t\t\t\t<div class=\"b-link-stroke b-animate-go\">\r\n\t\t\t\t\t\t\t\t\t\t<img src=\"http:\/\/gites-piedsdansleau.com\/wp-content\/uploads\/2020\/01\/IMG_E7381-500x500.jpg\" class=\"gall-img-responsive\" alt=\"IMG_E7381\">\r\n\t\t\t\t\t\t\t\t\t<\/div>\r\n\t\t\t\t\t\t\t\t<\/a>\r\n\r\n\t\t\t\t\t\t\t\t<!--Gallery Label-->\r\n\t\t\t\t\t\t\t\t\t\t\t\t\t\t\t<\/div>\r\n\t\t\t\t\t\t<\/div>\r\n\t\t\t\t\t\t\t\t\t\t\t\t<div class=\"col-md-6 col-sm-6 wl-gallery\" >\r\n\t\t\t\t\t\t\t<div class=\"img-box-shadow\">\r\n\t\t\t\t\t\t\t\t\r\n\t\t\t\t\t\t\t\t\t\t\t\t\t\t\t\t<a title=\"\" class=\"swipebox_139\"  href=\"http:\/\/gites-piedsdansleau.com\/wp-content\/uploads\/2020\/01\/IMG_7775.jpg\">\r\n\t\t\t\t\t\t\t\t\t<div class=\"b-link-stroke b-animate-go\">\r\n\t\t\t\t\t\t\t\t\t\t<img src=\"http:\/\/gites-piedsdansleau.com\/wp-content\/uploads\/2020\/01\/IMG_7775-500x500.jpg\" class=\"gall-img-responsive\" alt=\"IMG_7775\">\r\n\t\t\t\t\t\t\t\t\t<\/div>\r\n\t\t\t\t\t\t\t\t<\/a>\r\n\r\n\t\t\t\t\t\t\t\t<!--Gallery Label-->\r\n\t\t\t\t\t\t\t\t\t\t\t\t\t\t\t<\/div>\r\n\t\t\t\t\t\t<\/div>\r\n\t\t\t\t\t\t\t\t\t\t\t\t<div class=\"col-md-6 col-sm-6 wl-gallery\" >\r\n\t\t\t\t\t\t\t<div class=\"img-box-shadow\">\r\n\t\t\t\t\t\t\t\t\r\n\t\t\t\t\t\t\t\t\t\t\t\t\t\t\t\t<a title=\"\" class=\"swipebox_139\"  href=\"http:\/\/gites-piedsdansleau.com\/wp-content\/uploads\/2018\/06\/Libelulle.jpg\">\r\n\t\t\t\t\t\t\t\t\t<div class=\"b-link-stroke b-animate-go\">\r\n\t\t\t\t\t\t\t\t\t\t<img src=\"http:\/\/gites-piedsdansleau.com\/wp-content\/uploads\/2018\/06\/Libelulle-500x500.jpg\" class=\"gall-img-responsive\" alt=\"OLYMPUS DIGITAL CAMERA\">\r\n\t\t\t\t\t\t\t\t\t<\/div>\r\n\t\t\t\t\t\t\t\t<\/a>\r\n\r\n\t\t\t\t\t\t\t\t<!--Gallery Label-->\r\n\t\t\t\t\t\t\t\t\t\t\t\t\t\t\t<\/div>\r\n\t\t\t\t\t\t<\/div>\r\n\t\t\t\t\t\t\t\t\t\t\t\t<div class=\"col-md-6 col-sm-6 wl-gallery\" >\r\n\t\t\t\t\t\t\t<div class=\"img-box-shadow\">\r\n\t\t\t\t\t\t\t\t\r\n\t\t\t\t\t\t\t\t\t\t\t\t\t\t\t\t<a title=\"\" class=\"swipebox_139\"  href=\"http:\/\/gites-piedsdansleau.com\/wp-content\/uploads\/2018\/07\/IMG-6009.jpg\">\r\n\t\t\t\t\t\t\t\t\t<div class=\"b-link-stroke b-animate-go\">\r\n\t\t\t\t\t\t\t\t\t\t<img src=\"http:\/\/gites-piedsdansleau.com\/wp-content\/uploads\/2018\/07\/IMG-6009-500x500.jpg\" class=\"gall-img-responsive\" alt=\"IMG-6009\">\r\n\t\t\t\t\t\t\t\t\t<\/div>\r\n\t\t\t\t\t\t\t\t<\/a>\r\n\r\n\t\t\t\t\t\t\t\t<!--Gallery Label-->\r\n\t\t\t\t\t\t\t\t\t\t\t\t\t\t\t<\/div>\r\n\t\t\t\t\t\t<\/div>\r\n\t\t\t\t\t\t\t\t\t\t\t\t<div class=\"col-md-6 col-sm-6 wl-gallery\" >\r\n\t\t\t\t\t\t\t<div class=\"img-box-shadow\">\r\n\t\t\t\t\t\t\t\t\r\n\t\t\t\t\t\t\t\t\t\t\t\t\t\t\t\t<a title=\"\" class=\"swipebox_139\"  href=\"http:\/\/gites-piedsdansleau.com\/wp-content\/uploads\/2018\/07\/IMG-6083-e1530951167195.jpg\">\r\n\t\t\t\t\t\t\t\t\t<div class=\"b-link-stroke b-animate-go\">\r\n\t\t\t\t\t\t\t\t\t\t<img src=\"http:\/\/gites-piedsdansleau.com\/wp-content\/uploads\/2018\/07\/IMG-6083-e1530951167195-500x500.jpg\" class=\"gall-img-responsive\" alt=\"IMG-6009\">\r\n\t\t\t\t\t\t\t\t\t<\/div>\r\n\t\t\t\t\t\t\t\t<\/a>\r\n\r\n\t\t\t\t\t\t\t\t<!--Gallery Label-->\r\n\t\t\t\t\t\t\t\t\t\t\t\t\t\t\t<\/div>\r\n\t\t\t\t\t\t<\/div>\r\n\t\t\t\t\t\t\t\t\t\t<\/div>\r\n\t\t    <\/div>\r\n\r\n\t<!-- Swipe Box-->\r\n\t<script type=\"text\/javascript\">\r\n\tjQuery(document).ready(function(){\r\n\t\t;( function( jQuery ) {\r\n\t\t\tjQuery( '.swipebox_139' ).swipebox({\r\n\t\t\t\t\t\t\thideBarsDelay:0,\r\n\t\t\t\t\t\t\thideBarsOnMobile: false,\r\n\t\t\t\t\t\t\thideCloseButtonOnMobile : false, \/\/ true will hide the close button on mobile devices\r\n\t\t\t\t\t\t\tloopAtEnd: true, \/\/ true will return to the first image after the last image is reached\r\n\t\t\t\t\t\t\t\r\n\t\t\t\t\t\t});\r\n\t\t})( jQuery );\r\n\t\r\n\r\n\tjQuery('.gallery1').imagesLoaded( function(){\r\n\t  jQuery('.gallery1').masonry({\r\n\t   itemSelector: '.wl-gallery',\r\n\t   isAnimated: true,\r\n\t   isFitWidth: true\r\n\t  });\r\n\t});\r\n\t});\r\n\t<\/script>\r\n\t\r\n        \n","protected":false},"excerpt":{"rendered":"<p>Bienvenue ! Les g\u00eetes Les pieds dans l\u2019eau sont situ\u00e9s \u00e0 Mirabel et Blacons dans la Dr\u00f4me. Venez passer un s\u00e9jour pr\u00e8s de la nature dans un espace confortable. Dans le cadre exceptionnel d\u2019un ancien moulinage du 19e si\u00e8cle long\u00e9 par 200 m\u00e8tres de rivi\u00e8re, nous vous accueillons dans le g\u00eete Gervanne de 65m2, le &hellip; <\/p>\n<p class=\"link-more\"><a href=\"https:\/\/gites-piedsdansleau.com\/index.php\/2018\/05\/14\/139\/\" class=\"more-link\">Continuer la lecture<span class=\"screen-reader-text\"> de &laquo;&nbsp;La propri\u00e9t\u00e9&nbsp;&raquo;<\/span><\/a><\/p>\n","protected":false},"author":1,"featured_media":0,"parent":0,"menu_order":0,"comment_status":"closed","ping_status":"closed","template":"","meta":[],"_links":{"self":[{"href":"https:\/\/gites-piedsdansleau.com\/index.php\/wp-json\/wp\/v2\/pages\/45"}],"collection":[{"href":"https:\/\/gites-piedsdansleau.com\/index.php\/wp-json\/wp\/v2\/pages"}],"about":[{"href":"https:\/\/gites-piedsdansleau.com\/index.php\/wp-json\/wp\/v2\/types\/page"}],"author":[{"embeddable":true,"href":"https:\/\/gites-piedsdansleau.com\/index.php\/wp-json\/wp\/v2\/users\/1"}],"replies":[{"embeddable":true,"href":"https:\/\/gites-piedsdansleau.com\/index.php\/wp-json\/wp\/v2\/comments?post=45"}],"version-history":[{"count":21,"href":"https:\/\/gites-piedsdansleau.com\/index.php\/wp-json\/wp\/v2\/pages\/45\/revisions"}],"predecessor-version":[{"id":558,"href":"https:\/\/gites-piedsdansleau.com\/index.php\/wp-json\/wp\/v2\/pages\/45\/revisions\/558"}],"wp:attachment":[{"href":"https:\/\/gites-piedsdansleau.com\/index.php\/wp-json\/wp\/v2\/media?parent=45"}],"curies":[{"name":"wp","href":"https:\/\/api.w.org\/{rel}","templated":true}]}}