{"id":405,"date":"2020-12-08T12:52:52","date_gmt":"2020-12-08T11:52:52","guid":{"rendered":"http:\/\/gites-piedsdansleau.com\/index.php\/accueil-english\/"},"modified":"2020-12-08T13:19:54","modified_gmt":"2020-12-08T12:19:54","slug":"accueil-english","status":"publish","type":"page","link":"https:\/\/gites-piedsdansleau.com\/","title":{"rendered":"Home"},"content":{"rendered":"\n<h1><\/h1>\n\n\n\n<p><\/p>\n\n\n\n<div class=\"wp-block-image\"><figure class=\"alignright\"><img loading=\"lazy\" width=\"300\" height=\"225\" src=\"http:\/\/gites-piedsdansleau.com\/wp-content\/uploads\/2020\/01\/IMG_E7381-300x225.jpg\" alt=\"\" class=\"wp-image-290\" srcset=\"https:\/\/gites-piedsdansleau.com\/wp-content\/uploads\/2020\/01\/IMG_E7381-300x225.jpg 300w, https:\/\/gites-piedsdansleau.com\/wp-content\/uploads\/2020\/01\/IMG_E7381-768x576.jpg 768w, https:\/\/gites-piedsdansleau.com\/wp-content\/uploads\/2020\/01\/IMG_E7381-1024x768.jpg 1024w\" sizes=\"(max-width: 300px) 100vw, 300px\" \/><\/figure><\/div>\n\n\n\n<p>Welcome !<\/p>\n\n\n\n<p>\u00ab\u00a0<em>Les pieds dans l\u2019eau\u00a0\u00bb<\/em> are located in Mirabel et Blacons in the Dr\u00f4me region.<br>Come and enjoy a nice vacation surrounded by nature in a comfortable accomodation.<\/p>\n\n\n\n<p>In a former 19th century silk factory alongside 200m of the Gervanne river, we will be pleased&nbsp; to welcome you in 3 different appartments, the g\u00eete Gervanne (65m2), the g\u00eete Vercors (45m2) or&nbsp; the g\u00eete de l&rsquo;Olivier (87m2)<\/p>\n\n\n\n<p>Each of our g\u00eetes are 3 stars rated, they benefit of a private terrace as well as a private garden&nbsp; for the&nbsp; g\u00eete Gervanne.<br>You will enjoy a 4500m2&nbsp; garden and the private beach on the river where you can bathe and freshen yourself during the summer as well as explore the wild banks.<\/p>\n\n\n\n<p>Also at your disposal a shared 50m2 heated ans salt treated swimming pool and a large playing room with a billiard, a ping-pong table and a summer lounge.<\/p>\n","protected":false},"excerpt":{"rendered":"<p>Welcome ! \u00ab\u00a0Les pieds dans l\u2019eau\u00a0\u00bb are located in Mirabel et Blacons in the Dr\u00f4me region.Come and enjoy a nice vacation surrounded by nature in a comfortable accomodation. In a former 19th century silk factory alongside 200m of the Gervanne river, we will be pleased&nbsp; to welcome you in 3 different appartments, the g\u00eete Gervanne &hellip; <\/p>\n<p class=\"link-more\"><a href=\"https:\/\/gites-piedsdansleau.com\/\" class=\"more-link\">Continuer la lecture<span class=\"screen-reader-text\"> de &laquo;&nbsp;Home&nbsp;&raquo;<\/span><\/a><\/p>\n","protected":false},"author":1,"featured_media":0,"parent":0,"menu_order":0,"comment_status":"closed","ping_status":"closed","template":"","meta":[],"_links":{"self":[{"href":"https:\/\/gites-piedsdansleau.com\/index.php\/wp-json\/wp\/v2\/pages\/405"}],"collection":[{"href":"https:\/\/gites-piedsdansleau.com\/index.php\/wp-json\/wp\/v2\/pages"}],"about":[{"href":"https:\/\/gites-piedsdansleau.com\/index.php\/wp-json\/wp\/v2\/types\/page"}],"author":[{"embeddable":true,"href":"https:\/\/gites-piedsdansleau.com\/index.php\/wp-json\/wp\/v2\/users\/1"}],"replies":[{"embeddable":true,"href":"https:\/\/gites-piedsdansleau.com\/index.php\/wp-json\/wp\/v2\/comments?post=405"}],"version-history":[{"count":2,"href":"https:\/\/gites-piedsdansleau.com\/index.php\/wp-json\/wp\/v2\/pages\/405\/revisions"}],"predecessor-version":[{"id":421,"href":"https:\/\/gites-piedsdansleau.com\/index.php\/wp-json\/wp\/v2\/pages\/405\/revisions\/421"}],"wp:attachment":[{"href":"https:\/\/gites-piedsdansleau.com\/index.php\/wp-json\/wp\/v2\/media?parent=405"}],"curies":[{"name":"wp","href":"https:\/\/api.w.org\/{rel}","templated":true}]}}