{"id":232,"date":"2019-05-15T15:58:14","date_gmt":"2019-05-15T13:58:14","guid":{"rendered":"http:\/\/gites-piedsdansleau.com\/?page_id=232"},"modified":"2022-06-29T18:06:53","modified_gmt":"2022-06-29T16:06:53","slug":"le-gite-3-4-personnes","status":"publish","type":"page","link":"https:\/\/gites-piedsdansleau.com\/index.php\/fr\/les-gites\/le-gite-3-4-personnes\/","title":{"rendered":"G\u00eete Vercors &#8211; 3 personnes"},"content":{"rendered":"<p>D\u00e9couvrez ce g\u00eete class\u00e9 3 \u00e9toiles, id\u00e9al pour passer un moment en amoureux ou en famille.<\/p>\n<p><!--more--><\/p>\n<p>Au premier \u00e9tage de la propri\u00e9t\u00e9, face au Vercors, le g\u00eete de 45m2 et d&rsquo;une capacit\u00e9 de 3\/4 personnes, offre tout le confort n\u00e9cessaire.<\/p>\n<p>Depuis la terrasse ombrag\u00e9e, on peut profiter d&rsquo;une jolie vue sur la vall\u00e9e de la Gervanne et le PNR du Vercors qui offrent un cadre reposant et verdoyant.<\/p>\n<p>Le g\u00eete est compos\u00e9 d&rsquo;une chambre de 11m2 avec un lit double (140&#215;190), d&rsquo;un salon TV avec canap\u00e9 lit (140&#215;190) et d&rsquo;une grande cuisine dinatoire enti\u00e8rement \u00e9quip\u00e9e. Une mezzanine avec acc\u00e8s par un escalier de meunier apporte un espace de couchage suppl\u00e9mentaire (90&#215;190). La terrasse accessible depuis la cuisine permet de diner \u00e0 l&rsquo;ext\u00e9rieur.<\/p>\n<p><strong>Attention de avril \u00e0 octobre la capacit\u00e9 est limit\u00e9e \u00e0 3 personnes.<\/strong><\/p>\n<p>&nbsp;<\/p>\n<p>&nbsp;<\/p>\n<p>&nbsp;<\/p>\n\t\r\n    <style>\r\n    #slgf_256 .b-link-stroke .b-top-line{\r\n        background: rgba(10, 194, 210, 0.5);\r\n    }\r\n    #slgf_256 .b-link-stroke .b-bottom-line{\r\n        background: rgba(10, 194, 210, 0.5);\r\n    }\r\n\r\n    #slgf_256 .b-wrapper{\r\n        font-family:Arial; \/\/ real name pass here\r\n    }\r\n\t@media (min-width: 992px){\r\n\t\t#slgf_256 .col-md-6 {\r\n\t\t\twidth: 49.97% !important;\r\n\t\t}\r\n\t\t#slgf_256 .col-md-4 {\r\n\t\t\twidth: 33.30% !important;\r\n\t\t}\r\n\t\t#slgf_256 .col-md-3 {\r\n\t\t\twidth: 24.90% !important;\r\n\t\t}\r\n\t\t#slgf_256 .col-md-2 {\r\n\t\t\twidth: 16.60% !important;\r\n\t\t}\r\n\t}\r\n\t#slgf_256 .slgf_home_portfolio_caption{\r\n\t\tbackground:#FFFFFF;\r\n\t}\r\n\t#slgf_256 .slgf_home_portfolio_caption h3{\r\n\t\tcolor:#000000;\r\n\t}\r\n\t\t#slgf_256 .img-box-shadow{\r\n\t\tbox-shadow: 0 0 6px rgba(0,0,0,.7);\r\n\t}\r\n\t\t\r\n\t    <\/style>\r\n\r\n    \r\n    <div  class=\"gal-container\" id=\"slgf_256\">\r\n\t\t\t\t\t<!--get the post id-->\r\n\t\t\t\r\n\t\t\t\t<!--Gallery Title-->\r\n\t\t\t\t\t\t\t\t<div style=\"font-weight: bolder; padding-bottom:20px; border-bottom:2px solid #cccccc;margin-bottom: 20px\">\r\n\t\t\t\t\tG\u00eete Vercors\t\t\t\t<\/div>\r\n\t\t\t\t\t\t\t\t\r\n\t\t\t\t<div class=\"gallery1\">\r\n\t\t\t\t\t\t\t\t\t\t\t<div class=\"col-md-6 col-sm-6 wl-gallery\" >\r\n\t\t\t\t\t\t\t<div class=\"img-box-shadow\">\r\n\t\t\t\t\t\t\t\t\r\n\t\t\t\t\t\t\t\t\t\t\t\t\t\t\t\t<a title=\"\" class=\"swipebox_256\"  href=\"http:\/\/gites-piedsdansleau.com\/wp-content\/uploads\/2018\/05\/IMG_8911-scaled.jpg\">\r\n\t\t\t\t\t\t\t\t\t<div class=\"b-link-stroke b-animate-go\">\r\n\t\t\t\t\t\t\t\t\t\t<img src=\"http:\/\/gites-piedsdansleau.com\/wp-content\/uploads\/2018\/05\/IMG_8911-500x500.jpg\" class=\"gall-img-responsive\" alt=\"\">\r\n\t\t\t\t\t\t\t\t\t<\/div>\r\n\t\t\t\t\t\t\t\t<\/a>\r\n\r\n\t\t\t\t\t\t\t\t<!--Gallery Label-->\r\n\t\t\t\t\t\t\t\t\t\t\t\t\t\t\t<\/div>\r\n\t\t\t\t\t\t<\/div>\r\n\t\t\t\t\t\t\t\t\t\t\t\t<div class=\"col-md-6 col-sm-6 wl-gallery\" >\r\n\t\t\t\t\t\t\t<div class=\"img-box-shadow\">\r\n\t\t\t\t\t\t\t\t\r\n\t\t\t\t\t\t\t\t\t\t\t\t\t\t\t\t<a title=\"\" class=\"swipebox_256\"  href=\"http:\/\/gites-piedsdansleau.com\/wp-content\/uploads\/2019\/07\/terrasse.jpg\">\r\n\t\t\t\t\t\t\t\t\t<div class=\"b-link-stroke b-animate-go\">\r\n\t\t\t\t\t\t\t\t\t\t<img src=\"http:\/\/gites-piedsdansleau.com\/wp-content\/uploads\/2019\/07\/terrasse-500x500.jpg\" class=\"gall-img-responsive\" alt=\"OLYMPUS DIGITAL CAMERA\">\r\n\t\t\t\t\t\t\t\t\t<\/div>\r\n\t\t\t\t\t\t\t\t<\/a>\r\n\r\n\t\t\t\t\t\t\t\t<!--Gallery Label-->\r\n\t\t\t\t\t\t\t\t\t\t\t\t\t\t\t<\/div>\r\n\t\t\t\t\t\t<\/div>\r\n\t\t\t\t\t\t\t\t\t\t\t\t<div class=\"col-md-6 col-sm-6 wl-gallery\" >\r\n\t\t\t\t\t\t\t<div class=\"img-box-shadow\">\r\n\t\t\t\t\t\t\t\t\r\n\t\t\t\t\t\t\t\t\t\t\t\t\t\t\t\t<a title=\"\" class=\"swipebox_256\"  href=\"http:\/\/gites-piedsdansleau.com\/wp-content\/uploads\/2019\/07\/cuisine-1.jpg\">\r\n\t\t\t\t\t\t\t\t\t<div class=\"b-link-stroke b-animate-go\">\r\n\t\t\t\t\t\t\t\t\t\t<img src=\"http:\/\/gites-piedsdansleau.com\/wp-content\/uploads\/2019\/07\/cuisine-1-500x500.jpg\" class=\"gall-img-responsive\" alt=\"OLYMPUS DIGITAL CAMERA\">\r\n\t\t\t\t\t\t\t\t\t<\/div>\r\n\t\t\t\t\t\t\t\t<\/a>\r\n\r\n\t\t\t\t\t\t\t\t<!--Gallery Label-->\r\n\t\t\t\t\t\t\t\t\t\t\t\t\t\t\t<\/div>\r\n\t\t\t\t\t\t<\/div>\r\n\t\t\t\t\t\t\t\t\t\t\t\t<div class=\"col-md-6 col-sm-6 wl-gallery\" >\r\n\t\t\t\t\t\t\t<div class=\"img-box-shadow\">\r\n\t\t\t\t\t\t\t\t\r\n\t\t\t\t\t\t\t\t\t\t\t\t\t\t\t\t<a title=\"\" class=\"swipebox_256\"  href=\"http:\/\/gites-piedsdansleau.com\/wp-content\/uploads\/2019\/07\/cuisine-2.jpg\">\r\n\t\t\t\t\t\t\t\t\t<div class=\"b-link-stroke b-animate-go\">\r\n\t\t\t\t\t\t\t\t\t\t<img src=\"http:\/\/gites-piedsdansleau.com\/wp-content\/uploads\/2019\/07\/cuisine-2-500x500.jpg\" class=\"gall-img-responsive\" alt=\"OLYMPUS DIGITAL CAMERA\">\r\n\t\t\t\t\t\t\t\t\t<\/div>\r\n\t\t\t\t\t\t\t\t<\/a>\r\n\r\n\t\t\t\t\t\t\t\t<!--Gallery Label-->\r\n\t\t\t\t\t\t\t\t\t\t\t\t\t\t\t<\/div>\r\n\t\t\t\t\t\t<\/div>\r\n\t\t\t\t\t\t\t\t\t\t\t\t<div class=\"col-md-6 col-sm-6 wl-gallery\" >\r\n\t\t\t\t\t\t\t<div class=\"img-box-shadow\">\r\n\t\t\t\t\t\t\t\t\r\n\t\t\t\t\t\t\t\t\t\t\t\t\t\t\t\t<a title=\"\" class=\"swipebox_256\"  href=\"http:\/\/gites-piedsdansleau.com\/wp-content\/uploads\/2019\/07\/salon-1.jpg\">\r\n\t\t\t\t\t\t\t\t\t<div class=\"b-link-stroke b-animate-go\">\r\n\t\t\t\t\t\t\t\t\t\t<img src=\"http:\/\/gites-piedsdansleau.com\/wp-content\/uploads\/2019\/07\/salon-1-500x500.jpg\" class=\"gall-img-responsive\" alt=\"OLYMPUS DIGITAL CAMERA\">\r\n\t\t\t\t\t\t\t\t\t<\/div>\r\n\t\t\t\t\t\t\t\t<\/a>\r\n\r\n\t\t\t\t\t\t\t\t<!--Gallery Label-->\r\n\t\t\t\t\t\t\t\t\t\t\t\t\t\t\t<\/div>\r\n\t\t\t\t\t\t<\/div>\r\n\t\t\t\t\t\t\t\t\t\t\t\t<div class=\"col-md-6 col-sm-6 wl-gallery\" >\r\n\t\t\t\t\t\t\t<div class=\"img-box-shadow\">\r\n\t\t\t\t\t\t\t\t\r\n\t\t\t\t\t\t\t\t\t\t\t\t\t\t\t\t<a title=\"\" class=\"swipebox_256\"  href=\"http:\/\/gites-piedsdansleau.com\/wp-content\/uploads\/2019\/07\/Salon-2.jpg\">\r\n\t\t\t\t\t\t\t\t\t<div class=\"b-link-stroke b-animate-go\">\r\n\t\t\t\t\t\t\t\t\t\t<img src=\"http:\/\/gites-piedsdansleau.com\/wp-content\/uploads\/2019\/07\/Salon-2-500x500.jpg\" class=\"gall-img-responsive\" alt=\"OLYMPUS DIGITAL CAMERA\">\r\n\t\t\t\t\t\t\t\t\t<\/div>\r\n\t\t\t\t\t\t\t\t<\/a>\r\n\r\n\t\t\t\t\t\t\t\t<!--Gallery Label-->\r\n\t\t\t\t\t\t\t\t\t\t\t\t\t\t\t<\/div>\r\n\t\t\t\t\t\t<\/div>\r\n\t\t\t\t\t\t\t\t\t\t\t\t<div class=\"col-md-6 col-sm-6 wl-gallery\" >\r\n\t\t\t\t\t\t\t<div class=\"img-box-shadow\">\r\n\t\t\t\t\t\t\t\t\r\n\t\t\t\t\t\t\t\t\t\t\t\t\t\t\t\t<a title=\"\" class=\"swipebox_256\"  href=\"http:\/\/gites-piedsdansleau.com\/wp-content\/uploads\/2019\/07\/chambre.jpg\">\r\n\t\t\t\t\t\t\t\t\t<div class=\"b-link-stroke b-animate-go\">\r\n\t\t\t\t\t\t\t\t\t\t<img src=\"http:\/\/gites-piedsdansleau.com\/wp-content\/uploads\/2019\/07\/chambre-500x500.jpg\" class=\"gall-img-responsive\" alt=\"OLYMPUS DIGITAL CAMERA\">\r\n\t\t\t\t\t\t\t\t\t<\/div>\r\n\t\t\t\t\t\t\t\t<\/a>\r\n\r\n\t\t\t\t\t\t\t\t<!--Gallery Label-->\r\n\t\t\t\t\t\t\t\t\t\t\t\t\t\t\t<\/div>\r\n\t\t\t\t\t\t<\/div>\r\n\t\t\t\t\t\t\t\t\t\t\t\t<div class=\"col-md-6 col-sm-6 wl-gallery\" >\r\n\t\t\t\t\t\t\t<div class=\"img-box-shadow\">\r\n\t\t\t\t\t\t\t\t\r\n\t\t\t\t\t\t\t\t\t\t\t\t\t\t\t\t<a title=\"\" class=\"swipebox_256\"  href=\"http:\/\/gites-piedsdansleau.com\/wp-content\/uploads\/2019\/07\/chambre-2.jpg\">\r\n\t\t\t\t\t\t\t\t\t<div class=\"b-link-stroke b-animate-go\">\r\n\t\t\t\t\t\t\t\t\t\t<img src=\"http:\/\/gites-piedsdansleau.com\/wp-content\/uploads\/2019\/07\/chambre-2-500x500.jpg\" class=\"gall-img-responsive\" alt=\"OLYMPUS DIGITAL CAMERA\">\r\n\t\t\t\t\t\t\t\t\t<\/div>\r\n\t\t\t\t\t\t\t\t<\/a>\r\n\r\n\t\t\t\t\t\t\t\t<!--Gallery Label-->\r\n\t\t\t\t\t\t\t\t\t\t\t\t\t\t\t<\/div>\r\n\t\t\t\t\t\t<\/div>\r\n\t\t\t\t\t\t\t\t\t\t\t\t<div class=\"col-md-6 col-sm-6 wl-gallery\" >\r\n\t\t\t\t\t\t\t<div class=\"img-box-shadow\">\r\n\t\t\t\t\t\t\t\t\r\n\t\t\t\t\t\t\t\t\t\t\t\t\t\t\t\t<a title=\"\" class=\"swipebox_256\"  href=\"http:\/\/gites-piedsdansleau.com\/wp-content\/uploads\/2019\/07\/sdb.jpg\">\r\n\t\t\t\t\t\t\t\t\t<div class=\"b-link-stroke b-animate-go\">\r\n\t\t\t\t\t\t\t\t\t\t<img src=\"http:\/\/gites-piedsdansleau.com\/wp-content\/uploads\/2019\/07\/sdb-500x500.jpg\" class=\"gall-img-responsive\" alt=\"OLYMPUS DIGITAL CAMERA\">\r\n\t\t\t\t\t\t\t\t\t<\/div>\r\n\t\t\t\t\t\t\t\t<\/a>\r\n\r\n\t\t\t\t\t\t\t\t<!--Gallery Label-->\r\n\t\t\t\t\t\t\t\t\t\t\t\t\t\t\t<\/div>\r\n\t\t\t\t\t\t<\/div>\r\n\t\t\t\t\t\t\t\t\t\t\t\t<div class=\"col-md-6 col-sm-6 wl-gallery\" >\r\n\t\t\t\t\t\t\t<div class=\"img-box-shadow\">\r\n\t\t\t\t\t\t\t\t\r\n\t\t\t\t\t\t\t\t\t\t\t\t\t\t\t\t<a title=\"\" class=\"swipebox_256\"  href=\"http:\/\/gites-piedsdansleau.com\/wp-content\/uploads\/2019\/07\/mezz-1.jpg\">\r\n\t\t\t\t\t\t\t\t\t<div class=\"b-link-stroke b-animate-go\">\r\n\t\t\t\t\t\t\t\t\t\t<img src=\"http:\/\/gites-piedsdansleau.com\/wp-content\/uploads\/2019\/07\/mezz-1-500x500.jpg\" class=\"gall-img-responsive\" alt=\"OLYMPUS DIGITAL CAMERA\">\r\n\t\t\t\t\t\t\t\t\t<\/div>\r\n\t\t\t\t\t\t\t\t<\/a>\r\n\r\n\t\t\t\t\t\t\t\t<!--Gallery Label-->\r\n\t\t\t\t\t\t\t\t\t\t\t\t\t\t\t<\/div>\r\n\t\t\t\t\t\t<\/div>\r\n\t\t\t\t\t\t\t\t\t\t\t\t<div class=\"col-md-6 col-sm-6 wl-gallery\" >\r\n\t\t\t\t\t\t\t<div class=\"img-box-shadow\">\r\n\t\t\t\t\t\t\t\t\r\n\t\t\t\t\t\t\t\t\t\t\t\t\t\t\t\t<a title=\"\" class=\"swipebox_256\"  href=\"http:\/\/gites-piedsdansleau.com\/wp-content\/uploads\/2019\/07\/mezz-2.jpg\">\r\n\t\t\t\t\t\t\t\t\t<div class=\"b-link-stroke b-animate-go\">\r\n\t\t\t\t\t\t\t\t\t\t<img src=\"http:\/\/gites-piedsdansleau.com\/wp-content\/uploads\/2019\/07\/mezz-2-500x500.jpg\" class=\"gall-img-responsive\" alt=\"OLYMPUS DIGITAL CAMERA\">\r\n\t\t\t\t\t\t\t\t\t<\/div>\r\n\t\t\t\t\t\t\t\t<\/a>\r\n\r\n\t\t\t\t\t\t\t\t<!--Gallery Label-->\r\n\t\t\t\t\t\t\t\t\t\t\t\t\t\t\t<\/div>\r\n\t\t\t\t\t\t<\/div>\r\n\t\t\t\t\t\t\t\t\t\t<\/div>\r\n\t\t    <\/div>\r\n\r\n\t<!-- Swipe Box-->\r\n\t<script type=\"text\/javascript\">\r\n\tjQuery(document).ready(function(){\r\n\t\t;( function( jQuery ) {\r\n\t\t\tjQuery( '.swipebox_256' ).swipebox({\r\n\t\t\t\t\t\t\thideBarsDelay:0,\r\n\t\t\t\t\t\t\thideBarsOnMobile: false,\r\n\t\t\t\t\t\t\thideCloseButtonOnMobile : false, \/\/ true will hide the close button on mobile devices\r\n\t\t\t\t\t\t\tloopAtEnd: true, \/\/ true will return to the first image after the last image is reached\r\n\t\t\t\t\t\t\t\r\n\t\t\t\t\t\t});\r\n\t\t})( jQuery );\r\n\t\r\n\r\n\tjQuery('.gallery1').imagesLoaded( function(){\r\n\t  jQuery('.gallery1').masonry({\r\n\t   itemSelector: '.wl-gallery',\r\n\t   isAnimated: true,\r\n\t   isFitWidth: true\r\n\t  });\r\n\t});\r\n\t});\r\n\t<\/script>\r\n\t\r\n        \n","protected":false},"excerpt":{"rendered":"<p>D\u00e9couvrez ce g\u00eete class\u00e9 3 \u00e9toiles, id\u00e9al pour passer un moment en amoureux ou en famille.<\/p>\n","protected":false},"author":1,"featured_media":0,"parent":267,"menu_order":2,"comment_status":"closed","ping_status":"closed","template":"","meta":[],"_links":{"self":[{"href":"https:\/\/gites-piedsdansleau.com\/index.php\/wp-json\/wp\/v2\/pages\/232"}],"collection":[{"href":"https:\/\/gites-piedsdansleau.com\/index.php\/wp-json\/wp\/v2\/pages"}],"about":[{"href":"https:\/\/gites-piedsdansleau.com\/index.php\/wp-json\/wp\/v2\/types\/page"}],"author":[{"embeddable":true,"href":"https:\/\/gites-piedsdansleau.com\/index.php\/wp-json\/wp\/v2\/users\/1"}],"replies":[{"embeddable":true,"href":"https:\/\/gites-piedsdansleau.com\/index.php\/wp-json\/wp\/v2\/comments?post=232"}],"version-history":[{"count":9,"href":"https:\/\/gites-piedsdansleau.com\/index.php\/wp-json\/wp\/v2\/pages\/232\/revisions"}],"predecessor-version":[{"id":541,"href":"https:\/\/gites-piedsdansleau.com\/index.php\/wp-json\/wp\/v2\/pages\/232\/revisions\/541"}],"up":[{"embeddable":true,"href":"https:\/\/gites-piedsdansleau.com\/index.php\/wp-json\/wp\/v2\/pages\/267"}],"wp:attachment":[{"href":"https:\/\/gites-piedsdansleau.com\/index.php\/wp-json\/wp\/v2\/media?parent=232"}],"curies":[{"name":"wp","href":"https:\/\/api.w.org\/{rel}","templated":true}]}}